{"id":12,"date":"2023-05-19T20:15:34","date_gmt":"2023-05-19T18:15:34","guid":{"rendered":"http:\/\/echiquiers-alpilles-durance.fr\/?page_id=12"},"modified":"2024-05-09T11:04:14","modified_gmt":"2024-05-09T09:04:14","slug":"contact","status":"publish","type":"page","link":"http:\/\/echiquiers-alpilles-durance.fr\/?page_id=12","title":{"rendered":"Contact"},"content":{"rendered":"\n<p>Pr\u00e9sident : Denis Fouque 0626970837<\/p>\n\n\n\n<p>Tr\u00e9sorier : Alain Gerault 0687618086<\/p>\n\n\n\n<p>Secr\u00e9taire : Joseph-Paul Ravasio 0614689819<\/p>\n\n\n\n<p>mail : <a href=\"mailto:echecs.ead.chato@gmail.com\">echecs.ead.chato@gmail.com<\/a><\/p>\n\n\n\n<figure class=\"wp-block-image size-full\"><img loading=\"lazy\" decoding=\"async\" width=\"687\" height=\"707\" src=\"http:\/\/echiquiers-alpilles-durance.fr\/wp-content\/uploads\/2023\/12\/LOGO-EAD-1.jpg\" alt=\"\" class=\"wp-image-119\" srcset=\"http:\/\/echiquiers-alpilles-durance.fr\/wp-content\/uploads\/2023\/12\/LOGO-EAD-1.jpg 687w, http:\/\/echiquiers-alpilles-durance.fr\/wp-content\/uploads\/2023\/12\/LOGO-EAD-1-292x300.jpg 292w\" sizes=\"auto, (max-width: 687px) 100vw, 687px\" \/><\/figure>\n","protected":false},"excerpt":{"rendered":"<p>Pr\u00e9sident : Denis Fouque 0626970837 Tr\u00e9sorier : Alain Gerault 0687618086 Secr\u00e9taire : Joseph-Paul Ravasio 0614689819 mail : echecs.ead.chato@gmail.com<\/p>\n","protected":false},"author":1,"featured_media":0,"parent":0,"menu_order":0,"comment_status":"closed","ping_status":"closed","template":"","meta":{"footnotes":""},"class_list":["post-12","page","type-page","status-publish","hentry"],"_links":{"self":[{"href":"http:\/\/echiquiers-alpilles-durance.fr\/index.php?rest_route=\/wp\/v2\/pages\/12","targetHints":{"allow":["GET"]}}],"collection":[{"href":"http:\/\/echiquiers-alpilles-durance.fr\/index.php?rest_route=\/wp\/v2\/pages"}],"about":[{"href":"http:\/\/echiquiers-alpilles-durance.fr\/index.php?rest_route=\/wp\/v2\/types\/page"}],"author":[{"embeddable":true,"href":"http:\/\/echiquiers-alpilles-durance.fr\/index.php?rest_route=\/wp\/v2\/users\/1"}],"replies":[{"embeddable":true,"href":"http:\/\/echiquiers-alpilles-durance.fr\/index.php?rest_route=%2Fwp%2Fv2%2Fcomments&post=12"}],"version-history":[{"count":8,"href":"http:\/\/echiquiers-alpilles-durance.fr\/index.php?rest_route=\/wp\/v2\/pages\/12\/revisions"}],"predecessor-version":[{"id":165,"href":"http:\/\/echiquiers-alpilles-durance.fr\/index.php?rest_route=\/wp\/v2\/pages\/12\/revisions\/165"}],"wp:attachment":[{"href":"http:\/\/echiquiers-alpilles-durance.fr\/index.php?rest_route=%2Fwp%2Fv2%2Fmedia&parent=12"}],"curies":[{"name":"wp","href":"https:\/\/api.w.org\/{rel}","templated":true}]}}