{"id":5,"date":"2023-05-19T20:14:13","date_gmt":"2023-05-19T18:14:13","guid":{"rendered":"http:\/\/echiquiers-alpilles-durance.fr\/?page_id=5"},"modified":"2026-02-14T17:00:20","modified_gmt":"2026-02-14T16:00:20","slug":"le-club","status":"publish","type":"page","link":"http:\/\/echiquiers-alpilles-durance.fr\/?page_id=5","title":{"rendered":"Le Club"},"content":{"rendered":"\n<p><font style=\"vertical-align: inherit;\"><font style=\"vertical-align: inherit;\">Le nom du club est EAD pour <\/font><\/font><strong><font style=\"vertical-align: inherit;\"><font style=\"vertical-align: inherit;\">Echiquiers Alpilles Durance<\/font><\/font><\/strong><font style=\"vertical-align: inherit;\"><font style=\"vertical-align: inherit;\"> regroupant des passionn\u00e9s d&#8217;\u00e9checs du secteur Alpilles-Durance (Chateaurenard, Saint R\u00e9my de Provence, Rognonas, Graveson, etc.) et m\u00eame au-del\u00e0.<\/font><\/font><\/p>\n\n\n\n<p>Notre club est affili\u00e9 \u00e0 la F\u00e9d\u00e9ration Fran\u00e7aise d&#8217;Echecs (n\u00b0 affiliation U13091). <\/p>\n\n\n\n<figure class=\"wp-block-image size-full\"><img loading=\"lazy\" decoding=\"async\" width=\"130\" height=\"130\" src=\"http:\/\/echiquiers-alpilles-durance.fr\/wp-content\/uploads\/2023\/12\/image-6.png\" alt=\"\" class=\"wp-image-146\"\/><\/figure>\n\n\n\n<p>Pour faire un bref historique le club a \u00e9t\u00e9 cr\u00e9\u00e9 suite \u00e0 la fusion en 1997 de 3 clubs issus des villages de Rognonas, Chateaurenard et Graveson. Il est ainsi cr\u00e9\u00e9 le club &#8220;Les Echiquiers Alpilles-Durance&#8221; pour devenir en 2001 &#8220;Echiquiers Alpilles Durance&#8221;.<\/p>\n\n\n\n<p>Pour cette saison 2025-2026 nous comptons actuellement <strong>44 licenci\u00e9s<\/strong> (26 licences A et 23 licences B). Il est bien \u00e9videmment possible d&#8217;int\u00e9grer le club en cours de saison en prenant contact avec les repr\u00e9sentants du club (Cf. rubrique Contact) ou en venant directement au club.<\/p>\n\n\n\n<p><strong>Deux cr\u00e9neaux horaires<\/strong> sont disponibles pour venir jouer : <\/p>\n\n\n\n<ul class=\"wp-block-list\">\n<li><strong>mardi soir 17h-20h<\/strong> pour les jeunes et d\u00e9butants avec un cours assur\u00e9 par un professeur Laineur-Lothaire Chazeau pr\u00e9sident du comit\u00e9 d\u00e9partemental des Bouches du Rh\u00f4ne de la ligue d&#8217;\u00e9checs PACA.<\/li>\n\n\n\n<li><strong>mercredi soir 18h-22h<\/strong> pour les adultes et jeunes confirm\u00e9s avec 2 cours par mois assur\u00e9s par un professeur Christo Dimitrov ma\u00eetre FIDE et arbitre.<\/li>\n<\/ul>\n\n\n\n<p>Le lieu de jeu se situe \u00e0 la <strong>salle de la Mairie Annexe 1 rue Jentelin 13160 Chateaurenard<\/strong>.<\/p>\n\n\n\n<figure class=\"wp-block-image size-full is-resized\"><img loading=\"lazy\" decoding=\"async\" width=\"687\" height=\"707\" src=\"http:\/\/echiquiers-alpilles-durance.fr\/wp-content\/uploads\/2023\/12\/LOGO-EAD.jpg\" alt=\"\" class=\"wp-image-116\" style=\"width:507px;height:auto\" srcset=\"http:\/\/echiquiers-alpilles-durance.fr\/wp-content\/uploads\/2023\/12\/LOGO-EAD.jpg 687w, http:\/\/echiquiers-alpilles-durance.fr\/wp-content\/uploads\/2023\/12\/LOGO-EAD-292x300.jpg 292w\" sizes=\"auto, (max-width: 687px) 100vw, 687px\" \/><\/figure>\n","protected":false},"excerpt":{"rendered":"<p>Le nom du club est EAD pour Echiquiers Alpilles Durance regroupant des passionn\u00e9s d&#8217;\u00e9checs du secteur Alpilles-Durance (Chateaurenard, Saint R\u00e9my de Provence, Rognonas, Graveson, etc.) et m\u00eame au-del\u00e0. Notre club est affili\u00e9 \u00e0 la F\u00e9d\u00e9ration Fran\u00e7aise d&#8217;Echecs (n\u00b0 affiliation U13091).<\/p>\n","protected":false},"author":1,"featured_media":0,"parent":0,"menu_order":0,"comment_status":"closed","ping_status":"closed","template":"","meta":{"footnotes":""},"class_list":["post-5","page","type-page","status-publish","hentry"],"_links":{"self":[{"href":"http:\/\/echiquiers-alpilles-durance.fr\/index.php?rest_route=\/wp\/v2\/pages\/5","targetHints":{"allow":["GET"]}}],"collection":[{"href":"http:\/\/echiquiers-alpilles-durance.fr\/index.php?rest_route=\/wp\/v2\/pages"}],"about":[{"href":"http:\/\/echiquiers-alpilles-durance.fr\/index.php?rest_route=\/wp\/v2\/types\/page"}],"author":[{"embeddable":true,"href":"http:\/\/echiquiers-alpilles-durance.fr\/index.php?rest_route=\/wp\/v2\/users\/1"}],"replies":[{"embeddable":true,"href":"http:\/\/echiquiers-alpilles-durance.fr\/index.php?rest_route=%2Fwp%2Fv2%2Fcomments&post=5"}],"version-history":[{"count":29,"href":"http:\/\/echiquiers-alpilles-durance.fr\/index.php?rest_route=\/wp\/v2\/pages\/5\/revisions"}],"predecessor-version":[{"id":224,"href":"http:\/\/echiquiers-alpilles-durance.fr\/index.php?rest_route=\/wp\/v2\/pages\/5\/revisions\/224"}],"wp:attachment":[{"href":"http:\/\/echiquiers-alpilles-durance.fr\/index.php?rest_route=%2Fwp%2Fv2%2Fmedia&parent=5"}],"curies":[{"name":"wp","href":"https:\/\/api.w.org\/{rel}","templated":true}]}}